{"id":464,"date":"2020-10-15T14:50:43","date_gmt":"2020-10-15T11:50:43","guid":{"rendered":"https:\/\/okalmetal.com\/home\/"},"modified":"2020-10-15T14:52:24","modified_gmt":"2020-10-15T11:52:24","slug":"home","status":"publish","type":"page","link":"https:\/\/okalmetal.com\/en\/","title":{"rendered":"Home"},"content":{"rendered":"","protected":false},"excerpt":{"rendered":"","protected":false},"author":1,"featured_media":0,"parent":0,"menu_order":0,"comment_status":"closed","ping_status":"closed","template":"","meta":[],"yoast_head":"<!-- This site is optimized with the Yoast SEO plugin v18.1 - https:\/\/yoast.com\/wordpress\/plugins\/seo\/ -->\n<title>Home - OKAL METAL METALURJ\u0130 SAN. VE T\u0130C. LTD. \u015eT\u0130<\/title>\n<meta name=\"description\" content=\"Okal Metal Metalurj was established as one of the leading metal manufacturing companies with its headquarters in Gaziantep.\" \/>\n<meta name=\"robots\" content=\"noindex, follow, max-snippet:-1, max-image-preview:large, max-video-preview:-1\" \/>\n<meta property=\"og:locale\" content=\"en_US\" \/>\n<meta property=\"og:type\" content=\"article\" \/>\n<meta property=\"og:title\" content=\"Home - OKAL METAL METALURJ\u0130 SAN. VE T\u0130C. LTD. \u015eT\u0130\" \/>\n<meta property=\"og:description\" content=\"Okal Metal Metalurj was established as one of the leading metal manufacturing companies with its headquarters in Gaziantep.\" \/>\n<meta property=\"og:url\" content=\"https:\/\/okalmetal.com\/en\/\" \/>\n<meta property=\"og:site_name\" content=\"OKAL METAL METALURJ\u0130 SAN. VE T\u0130C. LTD. \u015eT\u0130\" \/>\n<meta property=\"article:modified_time\" content=\"2020-10-15T11:52:24+00:00\" \/>\n<meta name=\"twitter:card\" content=\"summary_large_image\" \/>\n<script type=\"application\/ld+json\" class=\"yoast-schema-graph\">{\"@context\":\"https:\/\/schema.org\",\"@graph\":[{\"@type\":\"WebSite\",\"@id\":\"https:\/\/okalmetal.com\/#website\",\"url\":\"https:\/\/okalmetal.com\/\",\"name\":\"OKAL METAL METALURJ\u0130 SAN. VE T\u0130C. LTD. \u015eT\u0130\",\"description\":\"OKAL METAL METALURJ\u0130 SAN. VE T\u0130C. LTD. \u015eT\u0130\",\"potentialAction\":[{\"@type\":\"SearchAction\",\"target\":{\"@type\":\"EntryPoint\",\"urlTemplate\":\"https:\/\/okalmetal.com\/?s={search_term_string}\"},\"query-input\":\"required name=search_term_string\"}],\"inLanguage\":\"en-US\"},{\"@type\":\"WebPage\",\"@id\":\"https:\/\/okalmetal.com\/en\/#webpage\",\"url\":\"https:\/\/okalmetal.com\/en\/\",\"name\":\"Home - OKAL METAL METALURJ\u0130 SAN. VE T\u0130C. LTD. \u015eT\u0130\",\"isPartOf\":{\"@id\":\"https:\/\/okalmetal.com\/#website\"},\"datePublished\":\"2020-10-15T11:50:43+00:00\",\"dateModified\":\"2020-10-15T11:52:24+00:00\",\"description\":\"Okal Metal Metalurj was established as one of the leading metal manufacturing companies with its headquarters in Gaziantep.\",\"breadcrumb\":{\"@id\":\"https:\/\/okalmetal.com\/en\/#breadcrumb\"},\"inLanguage\":\"en-US\",\"potentialAction\":[{\"@type\":\"ReadAction\",\"target\":[\"https:\/\/okalmetal.com\/en\/\"]}]},{\"@type\":\"BreadcrumbList\",\"@id\":\"https:\/\/okalmetal.com\/en\/#breadcrumb\",\"itemListElement\":[{\"@type\":\"ListItem\",\"position\":1,\"name\":\"Anasayfa\",\"item\":\"https:\/\/okalmetal.com\/en\/\"},{\"@type\":\"ListItem\",\"position\":2,\"name\":\"Home\"}]}]}<\/script>\n<!-- \/ Yoast SEO plugin. -->","yoast_head_json":{"title":"Home - OKAL METAL METALURJ\u0130 SAN. VE T\u0130C. LTD. \u015eT\u0130","description":"Okal Metal Metalurj was established as one of the leading metal manufacturing companies with its headquarters in Gaziantep.","robots":{"index":"noindex","follow":"follow","max-snippet":"max-snippet:-1","max-image-preview":"max-image-preview:large","max-video-preview":"max-video-preview:-1"},"og_locale":"en_US","og_type":"article","og_title":"Home - OKAL METAL METALURJ\u0130 SAN. VE T\u0130C. LTD. \u015eT\u0130","og_description":"Okal Metal Metalurj was established as one of the leading metal manufacturing companies with its headquarters in Gaziantep.","og_url":"https:\/\/okalmetal.com\/en\/","og_site_name":"OKAL METAL METALURJ\u0130 SAN. VE T\u0130C. LTD. \u015eT\u0130","article_modified_time":"2020-10-15T11:52:24+00:00","twitter_card":"summary_large_image","schema":{"@context":"https:\/\/schema.org","@graph":[{"@type":"WebSite","@id":"https:\/\/okalmetal.com\/#website","url":"https:\/\/okalmetal.com\/","name":"OKAL METAL METALURJ\u0130 SAN. VE T\u0130C. LTD. \u015eT\u0130","description":"OKAL METAL METALURJ\u0130 SAN. VE T\u0130C. LTD. \u015eT\u0130","potentialAction":[{"@type":"SearchAction","target":{"@type":"EntryPoint","urlTemplate":"https:\/\/okalmetal.com\/?s={search_term_string}"},"query-input":"required name=search_term_string"}],"inLanguage":"en-US"},{"@type":"WebPage","@id":"https:\/\/okalmetal.com\/en\/#webpage","url":"https:\/\/okalmetal.com\/en\/","name":"Home - OKAL METAL METALURJ\u0130 SAN. VE T\u0130C. LTD. \u015eT\u0130","isPartOf":{"@id":"https:\/\/okalmetal.com\/#website"},"datePublished":"2020-10-15T11:50:43+00:00","dateModified":"2020-10-15T11:52:24+00:00","description":"Okal Metal Metalurj was established as one of the leading metal manufacturing companies with its headquarters in Gaziantep.","breadcrumb":{"@id":"https:\/\/okalmetal.com\/en\/#breadcrumb"},"inLanguage":"en-US","potentialAction":[{"@type":"ReadAction","target":["https:\/\/okalmetal.com\/en\/"]}]},{"@type":"BreadcrumbList","@id":"https:\/\/okalmetal.com\/en\/#breadcrumb","itemListElement":[{"@type":"ListItem","position":1,"name":"Anasayfa","item":"https:\/\/okalmetal.com\/en\/"},{"@type":"ListItem","position":2,"name":"Home"}]}]}},"_links":{"self":[{"href":"https:\/\/okalmetal.com\/en\/wp-json\/wp\/v2\/pages\/464"}],"collection":[{"href":"https:\/\/okalmetal.com\/en\/wp-json\/wp\/v2\/pages"}],"about":[{"href":"https:\/\/okalmetal.com\/en\/wp-json\/wp\/v2\/types\/page"}],"author":[{"embeddable":true,"href":"https:\/\/okalmetal.com\/en\/wp-json\/wp\/v2\/users\/1"}],"replies":[{"embeddable":true,"href":"https:\/\/okalmetal.com\/en\/wp-json\/wp\/v2\/comments?post=464"}],"version-history":[{"count":2,"href":"https:\/\/okalmetal.com\/en\/wp-json\/wp\/v2\/pages\/464\/revisions"}],"predecessor-version":[{"id":466,"href":"https:\/\/okalmetal.com\/en\/wp-json\/wp\/v2\/pages\/464\/revisions\/466"}],"wp:attachment":[{"href":"https:\/\/okalmetal.com\/en\/wp-json\/wp\/v2\/media?parent=464"}],"curies":[{"name":"wp","href":"https:\/\/api.w.org\/{rel}","templated":true}]}}